{"id":35,"date":"2023-01-18T21:00:47","date_gmt":"2023-01-18T21:00:47","guid":{"rendered":"https:\/\/www.sendelfengasumpfhexa.de\/cms\/?page_id=35"},"modified":"2026-01-19T17:37:08","modified_gmt":"2026-01-19T17:37:08","slug":"mitglied-werden","status":"publish","type":"page","link":"https:\/\/www.sendelfenga-sumpfhexa.de\/cms\/mitglied-werden\/","title":{"rendered":"Mitglied werden"},"content":{"rendered":"\t\t<div data-elementor-type=\"wp-page\" data-elementor-id=\"35\" class=\"elementor elementor-35\" data-elementor-post-type=\"page\">\n\t\t\t\t<div class=\"elementor-element elementor-element-dd50bc1 e-con-full e-flex e-con e-parent\" data-id=\"dd50bc1\" data-element_type=\"container\" data-e-type=\"container\">\n\t\t\t\t<div class=\"elementor-element elementor-element-f8c4a13 elementor-widget elementor-widget-image\" data-id=\"f8c4a13\" data-element_type=\"widget\" data-e-type=\"widget\" data-widget_type=\"image.default\">\n\t\t\t\t<div class=\"elementor-widget-container\">\n\t\t\t\t\t\t\t\t\t\t\t\t\t\t\t<img fetchpriority=\"high\" decoding=\"async\" width=\"1600\" height=\"1066\" src=\"https:\/\/www.sendelfenga-sumpfhexa.de\/cms\/wp-content\/uploads\/2026\/01\/Gruppenbild-mit-Maske-1.jpg\" class=\"attachment-full size-full wp-image-9718\" alt=\"\" srcset=\"https:\/\/www.sendelfenga-sumpfhexa.de\/cms\/wp-content\/uploads\/2026\/01\/Gruppenbild-mit-Maske-1.jpg 1600w, https:\/\/www.sendelfenga-sumpfhexa.de\/cms\/wp-content\/uploads\/2026\/01\/Gruppenbild-mit-Maske-1-300x200.jpg 300w, https:\/\/www.sendelfenga-sumpfhexa.de\/cms\/wp-content\/uploads\/2026\/01\/Gruppenbild-mit-Maske-1-1024x682.jpg 1024w, https:\/\/www.sendelfenga-sumpfhexa.de\/cms\/wp-content\/uploads\/2026\/01\/Gruppenbild-mit-Maske-1-768x512.jpg 768w, https:\/\/www.sendelfenga-sumpfhexa.de\/cms\/wp-content\/uploads\/2026\/01\/Gruppenbild-mit-Maske-1-1536x1023.jpg 1536w\" sizes=\"(max-width: 1600px) 100vw, 1600px\" \/>\t\t\t\t\t\t\t\t\t\t\t\t\t\t\t<\/div>\n\t\t\t\t<\/div>\n\t\t\t\t<\/div>\n\t\t<div class=\"elementor-element elementor-element-889ddb5 e-con-full e-flex e-con e-parent\" data-id=\"889ddb5\" data-element_type=\"container\" data-e-type=\"container\">\n\t\t\t\t<div class=\"elementor-element elementor-element-837b27a elementor-widget elementor-widget-heading\" data-id=\"837b27a\" data-element_type=\"widget\" data-e-type=\"widget\" data-widget_type=\"heading.default\">\n\t\t\t\t<div class=\"elementor-widget-container\">\n\t\t\t\t\t<h1 class=\"elementor-heading-title elementor-size-large\">Mitglied werden<\/h1>\t\t\t\t<\/div>\n\t\t\t\t<\/div>\n\t\t\t\t<\/div>\n\t\t<div class=\"elementor-element elementor-element-7e6ba9a e-con-full e-flex e-con e-parent\" data-id=\"7e6ba9a\" data-element_type=\"container\" data-e-type=\"container\">\n\t\t<div class=\"elementor-element elementor-element-8f9adfb e-flex e-con-boxed e-con e-child\" data-id=\"8f9adfb\" data-element_type=\"container\" data-e-type=\"container\">\n\t\t\t\t\t<div class=\"e-con-inner\">\n\t\t\t\t<div class=\"elementor-element elementor-element-efa2f43 elementor-widget elementor-widget-wpforms\" data-id=\"efa2f43\" data-element_type=\"widget\" data-e-type=\"widget\" data-widget_type=\"wpforms.default\">\n\t\t\t\t<div class=\"elementor-widget-container\">\n\t\t\t\t\t<div class=\"wpforms-container wpforms-container-full\" id=\"wpforms-150\"><form id=\"wpforms-form-150\" class=\"wpforms-validate wpforms-form wpforms-ajax-form\" data-formid=\"150\" method=\"post\" enctype=\"multipart\/form-data\" action=\"\/cms\/wp-json\/wp\/v2\/pages\/35\" data-token=\"aa24254c398d9404e124bbc5e9787dbf\" data-token-time=\"1777681584\"><noscript class=\"wpforms-error-noscript\">Bitte aktiviere JavaScript in deinem Browser, um dieses Formular fertigzustellen.<\/noscript><div class=\"wpforms-field-container\"><div id=\"wpforms-150-field_3-container\" class=\"wpforms-field wpforms-field-text\" data-field-id=\"3\"><label class=\"wpforms-field-label\" for=\"wpforms-150-field_3\">Geburtsdatum <span class=\"wpforms-required-label\">*<\/span><\/label><input type=\"text\" id=\"wpforms-150-field_3\" class=\"wpforms-field-large wpforms-field-required\" name=\"wpforms[fields][3]\" placeholder=\"TT.MM.JJJJ\" required><\/div><div id=\"wpforms-150-field_1-container\" class=\"wpforms-field wpforms-field-email\" data-field-id=\"1\"><label class=\"wpforms-field-label\" for=\"wpforms-150-field_1\">E-Mail <span class=\"wpforms-required-label\">*<\/span><\/label><input type=\"email\" id=\"wpforms-150-field_1\" class=\"wpforms-field-large wpforms-field-required\" name=\"wpforms[fields][1]\" placeholder=\"Max.Mustermann@gmail.com\" spellcheck=\"false\" required><\/div><div id=\"wpforms-150-field_0-container\" class=\"wpforms-field wpforms-field-name\" data-field-id=\"0\"><label class=\"wpforms-field-label\">Name <span class=\"wpforms-required-label\">*<\/span><\/label><div class=\"wpforms-field-row wpforms-field-large\"><div class=\"wpforms-field-row-block wpforms-first wpforms-one-half\"><input type=\"text\" id=\"wpforms-150-field_0\" class=\"wpforms-field-name-first wpforms-field-required\" name=\"wpforms[fields][0][first]\" placeholder=\"Max\" required><label for=\"wpforms-150-field_0\" class=\"wpforms-field-sublabel after\">Vorname<\/label><\/div><div class=\"wpforms-field-row-block wpforms-one-half\"><input type=\"text\" id=\"wpforms-150-field_0-last\" class=\"wpforms-field-name-last wpforms-field-required\" name=\"wpforms[fields][0][last]\" placeholder=\"Mustermann\" required><label for=\"wpforms-150-field_0-last\" class=\"wpforms-field-sublabel after\">Nachname<\/label><\/div><\/div><\/div><div id=\"wpforms-150-field_5-container\" class=\"wpforms-field wpforms-field-text\" data-field-id=\"5\"><label class=\"wpforms-field-label\" for=\"wpforms-150-field_5\">Postleitzahl und Ort <span class=\"wpforms-required-label\">*<\/span><\/label><input type=\"text\" id=\"wpforms-150-field_5\" class=\"wpforms-field-large wpforms-field-required\" name=\"wpforms[fields][5]\" placeholder=\"78910 Musterstadt\" required><\/div><div id=\"wpforms-150-field_6-container\" class=\"wpforms-field wpforms-field-text\" data-field-id=\"6\"><label class=\"wpforms-field-label\" for=\"wpforms-150-field_6\">Stra\u00dfe und Hausnummer <span class=\"wpforms-required-label\">*<\/span><\/label><input type=\"text\" id=\"wpforms-150-field_6\" class=\"wpforms-field-large wpforms-field-required\" name=\"wpforms[fields][6]\" placeholder=\"Mustermannstra\u00dfe 42\" required><\/div><div id=\"wpforms-150-field_7-container\" class=\"wpforms-field wpforms-field-number\" data-field-id=\"7\"><label class=\"wpforms-field-label\" for=\"wpforms-150-field_7\">Telefonnummer <span class=\"wpforms-required-label\">*<\/span><\/label><input type=\"number\" id=\"wpforms-150-field_7\" class=\"wpforms-field-large wpforms-field-required\" name=\"wpforms[fields][7]\" placeholder=\"017612345678\" step=\"any\" required><\/div><div id=\"wpforms-150-field_2-container\" class=\"wpforms-field wpforms-field-textarea\" data-field-id=\"2\"><label class=\"wpforms-field-label\" for=\"wpforms-150-field_2\">Warum m\u00f6chtest du Mitglied werden? <span class=\"wpforms-required-label\">*<\/span><\/label><textarea id=\"wpforms-150-field_2\" class=\"wpforms-field-medium wpforms-field-required\" name=\"wpforms[fields][2]\" required><\/textarea><\/div><div id=\"wpforms-150-field_8-container\" class=\"wpforms-field wpforms-field-gdpr-checkbox\" data-field-id=\"8\"><label class=\"wpforms-field-label\">DSGVO-Einverst\u00e4ndnis <span class=\"wpforms-required-label\">*<\/span><\/label><ul id=\"wpforms-150-field_8\" class=\"wpforms-field-required\"><li class=\"choice-1\"><input type=\"checkbox\" id=\"wpforms-150-field_8_1\" name=\"wpforms[fields][8][]\" value=\"Ich willige ein, dass diese Website meine \u00fcbermittelten Informationen speichert, sodass meine Anfrage beantwortet werden kann.\" required ><label class=\"wpforms-field-label-inline\" for=\"wpforms-150-field_8_1\">Ich willige ein, dass diese Website meine \u00fcbermittelten Informationen speichert, sodass meine Anfrage beantwortet werden kann.<\/label><\/li><\/ul><\/div><\/div><!-- .wpforms-field-container --><div class=\"wpforms-submit-container\" ><input type=\"hidden\" name=\"wpforms[id]\" value=\"150\"><input type=\"hidden\" name=\"page_title\" value=\"\"><input type=\"hidden\" name=\"page_url\" value=\"https:\/\/www.sendelfenga-sumpfhexa.de\/cms\/wp-json\/wp\/v2\/pages\/35\"><input type=\"hidden\" name=\"url_referer\" value=\"\"><button type=\"submit\" name=\"wpforms[submit]\" id=\"wpforms-submit-150\" class=\"wpforms-submit\" data-alt-text=\"Senden\u2026\" data-submit-text=\"Absenden\" aria-live=\"assertive\" value=\"wpforms-submit\">Absenden<\/button><img decoding=\"async\" src=\"https:\/\/www.sendelfenga-sumpfhexa.de\/cms\/wp-content\/plugins\/wpforms-lite\/assets\/images\/submit-spin.svg\" class=\"wpforms-submit-spinner\" style=\"display: none;\" width=\"26\" height=\"26\" alt=\"Wird geladen\"><\/div><\/form><\/div>  <!-- .wpforms-container -->\t\t\t\t<\/div>\n\t\t\t\t<\/div>\n\t\t\t\t\t<\/div>\n\t\t\t\t<\/div>\n\t\t<div class=\"elementor-element elementor-element-61136fe e-flex e-con-boxed e-con e-child\" data-id=\"61136fe\" data-element_type=\"container\" data-e-type=\"container\">\n\t\t\t\t\t<div class=\"e-con-inner\">\n\t\t\t\t<div class=\"elementor-element elementor-element-beb9d66 elementor-widget elementor-widget-image\" data-id=\"beb9d66\" data-element_type=\"widget\" data-e-type=\"widget\" data-widget_type=\"image.default\">\n\t\t\t\t<div class=\"elementor-widget-container\">\n\t\t\t\t\t\t\t\t\t\t\t\t\t\t\t<img decoding=\"async\" width=\"768\" height=\"1024\" src=\"https:\/\/www.sendelfenga-sumpfhexa.de\/cms\/wp-content\/uploads\/2023\/01\/pyramide-768x1024.jpg\" class=\"attachment-large size-large wp-image-159\" alt=\"pyramide\" srcset=\"https:\/\/www.sendelfenga-sumpfhexa.de\/cms\/wp-content\/uploads\/2023\/01\/pyramide-768x1024.jpg 768w, https:\/\/www.sendelfenga-sumpfhexa.de\/cms\/wp-content\/uploads\/2023\/01\/pyramide-225x300.jpg 225w, https:\/\/www.sendelfenga-sumpfhexa.de\/cms\/wp-content\/uploads\/2023\/01\/pyramide-1152x1536.jpg 1152w, https:\/\/www.sendelfenga-sumpfhexa.de\/cms\/wp-content\/uploads\/2023\/01\/pyramide-1536x2048.jpg 1536w, https:\/\/www.sendelfenga-sumpfhexa.de\/cms\/wp-content\/uploads\/2023\/01\/pyramide-scaled.jpg 1920w\" sizes=\"(max-width: 768px) 100vw, 768px\" \/>\t\t\t\t\t\t\t\t\t\t\t\t\t\t\t<\/div>\n\t\t\t\t<\/div>\n\t\t\t\t\t<\/div>\n\t\t\t\t<\/div>\n\t\t\t\t<\/div>\n\t\t\t\t<\/div>\n\t\t","protected":false},"excerpt":{"rendered":"<p>Mitglied werden Bitte aktiviere JavaScript in deinem Browser, um dieses Formular fertigzustellen.Geburtsdatum *E-Mail *Name *VornameNachnamePostleitzahl und Ort *Stra\u00dfe und Hausnummer *Telefonnummer *Warum m\u00f6chtest du Mitglied werden? *DSGVO-Einverst\u00e4ndnis * Ich willige ein, dass diese Website meine \u00fcbermittelten Informationen speichert, sodass meine Anfrage beantwortet werden kann. Absenden<\/p>\n","protected":false},"author":1,"featured_media":0,"parent":0,"menu_order":0,"comment_status":"closed","ping_status":"closed","template":"","meta":{"footnotes":""},"class_list":["post-35","page","type-page","status-publish","hentry"],"yoast_head":"<!-- This site is optimized with the Yoast SEO plugin v27.3 - https:\/\/yoast.com\/product\/yoast-seo-wordpress\/ -->\n<title>Mitglied werden - 1. Freien Narrenzunft Sindelfingen \u2013 Sendelfenga Sumpfhexa<\/title>\n<meta name=\"robots\" content=\"index, follow, max-snippet:-1, max-image-preview:large, max-video-preview:-1\" \/>\n<link rel=\"canonical\" href=\"https:\/\/www.sendelfenga-sumpfhexa.de\/cms\/mitglied-werden\/\" \/>\n<meta property=\"og:locale\" content=\"de_DE\" \/>\n<meta property=\"og:type\" content=\"article\" \/>\n<meta property=\"og:title\" content=\"Mitglied werden - 1. Freien Narrenzunft Sindelfingen \u2013 Sendelfenga Sumpfhexa\" \/>\n<meta property=\"og:description\" content=\"Mitglied werden Bitte aktiviere JavaScript in deinem Browser, um dieses Formular fertigzustellen.Geburtsdatum *E-Mail *Name *VornameNachnamePostleitzahl und Ort *Stra\u00dfe und Hausnummer *Telefonnummer *Warum m\u00f6chtest du Mitglied werden? *DSGVO-Einverst\u00e4ndnis * Ich willige ein, dass diese Website meine \u00fcbermittelten Informationen speichert, sodass meine Anfrage beantwortet werden kann. Absenden\" \/>\n<meta property=\"og:url\" content=\"https:\/\/www.sendelfenga-sumpfhexa.de\/cms\/mitglied-werden\/\" \/>\n<meta property=\"og:site_name\" content=\"1. Freien Narrenzunft Sindelfingen \u2013 Sendelfenga Sumpfhexa\" \/>\n<meta property=\"article:modified_time\" content=\"2026-01-19T17:37:08+00:00\" \/>\n<meta property=\"og:image\" content=\"https:\/\/www.sendelfenga-sumpfhexa.de\/cms\/wp-content\/uploads\/2026\/01\/Gruppenbild-mit-Maske-1.jpg\" \/>\n\t<meta property=\"og:image:width\" content=\"1600\" \/>\n\t<meta property=\"og:image:height\" content=\"1066\" \/>\n\t<meta property=\"og:image:type\" content=\"image\/jpeg\" \/>\n<meta name=\"twitter:card\" content=\"summary_large_image\" \/>\n<meta name=\"twitter:label1\" content=\"Gesch\u00e4tzte Lesezeit\" \/>\n\t<meta name=\"twitter:data1\" content=\"1\u00a0Minute\" \/>\n<script type=\"application\/ld+json\" class=\"yoast-schema-graph\">{\"@context\":\"https:\\\/\\\/schema.org\",\"@graph\":[{\"@type\":\"WebPage\",\"@id\":\"https:\\\/\\\/www.sendelfenga-sumpfhexa.de\\\/cms\\\/mitglied-werden\\\/\",\"url\":\"https:\\\/\\\/www.sendelfenga-sumpfhexa.de\\\/cms\\\/mitglied-werden\\\/\",\"name\":\"Mitglied werden - 1. Freien Narrenzunft Sindelfingen \u2013 Sendelfenga Sumpfhexa\",\"isPartOf\":{\"@id\":\"https:\\\/\\\/www.sendelfenga-sumpfhexa.de\\\/cms\\\/#website\"},\"primaryImageOfPage\":{\"@id\":\"https:\\\/\\\/www.sendelfenga-sumpfhexa.de\\\/cms\\\/mitglied-werden\\\/#primaryimage\"},\"image\":{\"@id\":\"https:\\\/\\\/www.sendelfenga-sumpfhexa.de\\\/cms\\\/mitglied-werden\\\/#primaryimage\"},\"thumbnailUrl\":\"https:\\\/\\\/www.sendelfenga-sumpfhexa.de\\\/cms\\\/wp-content\\\/uploads\\\/2026\\\/01\\\/Gruppenbild-mit-Maske-1.jpg\",\"datePublished\":\"2023-01-18T21:00:47+00:00\",\"dateModified\":\"2026-01-19T17:37:08+00:00\",\"breadcrumb\":{\"@id\":\"https:\\\/\\\/www.sendelfenga-sumpfhexa.de\\\/cms\\\/mitglied-werden\\\/#breadcrumb\"},\"inLanguage\":\"de\",\"potentialAction\":[{\"@type\":\"ReadAction\",\"target\":[\"https:\\\/\\\/www.sendelfenga-sumpfhexa.de\\\/cms\\\/mitglied-werden\\\/\"]}]},{\"@type\":\"ImageObject\",\"inLanguage\":\"de\",\"@id\":\"https:\\\/\\\/www.sendelfenga-sumpfhexa.de\\\/cms\\\/mitglied-werden\\\/#primaryimage\",\"url\":\"https:\\\/\\\/www.sendelfenga-sumpfhexa.de\\\/cms\\\/wp-content\\\/uploads\\\/2026\\\/01\\\/Gruppenbild-mit-Maske-1.jpg\",\"contentUrl\":\"https:\\\/\\\/www.sendelfenga-sumpfhexa.de\\\/cms\\\/wp-content\\\/uploads\\\/2026\\\/01\\\/Gruppenbild-mit-Maske-1.jpg\",\"width\":1600,\"height\":1066},{\"@type\":\"BreadcrumbList\",\"@id\":\"https:\\\/\\\/www.sendelfenga-sumpfhexa.de\\\/cms\\\/mitglied-werden\\\/#breadcrumb\",\"itemListElement\":[{\"@type\":\"ListItem\",\"position\":1,\"name\":\"Startseite\",\"item\":\"https:\\\/\\\/www.sendelfenga-sumpfhexa.de\\\/cms\\\/\"},{\"@type\":\"ListItem\",\"position\":2,\"name\":\"Mitglied werden\"}]},{\"@type\":\"WebSite\",\"@id\":\"https:\\\/\\\/www.sendelfenga-sumpfhexa.de\\\/cms\\\/#website\",\"url\":\"https:\\\/\\\/www.sendelfenga-sumpfhexa.de\\\/cms\\\/\",\"name\":\"1. Freien Narrenzunft Sindelfingen \u2013 Sendelfenga Sumpfhexa\",\"description\":\"\",\"potentialAction\":[{\"@type\":\"SearchAction\",\"target\":{\"@type\":\"EntryPoint\",\"urlTemplate\":\"https:\\\/\\\/www.sendelfenga-sumpfhexa.de\\\/cms\\\/?s={search_term_string}\"},\"query-input\":{\"@type\":\"PropertyValueSpecification\",\"valueRequired\":true,\"valueName\":\"search_term_string\"}}],\"inLanguage\":\"de\"}]}<\/script>\n<!-- \/ Yoast SEO plugin. -->","yoast_head_json":{"title":"Mitglied werden - 1. Freien Narrenzunft Sindelfingen \u2013 Sendelfenga Sumpfhexa","robots":{"index":"index","follow":"follow","max-snippet":"max-snippet:-1","max-image-preview":"max-image-preview:large","max-video-preview":"max-video-preview:-1"},"canonical":"https:\/\/www.sendelfenga-sumpfhexa.de\/cms\/mitglied-werden\/","og_locale":"de_DE","og_type":"article","og_title":"Mitglied werden - 1. Freien Narrenzunft Sindelfingen \u2013 Sendelfenga Sumpfhexa","og_description":"Mitglied werden Bitte aktiviere JavaScript in deinem Browser, um dieses Formular fertigzustellen.Geburtsdatum *E-Mail *Name *VornameNachnamePostleitzahl und Ort *Stra\u00dfe und Hausnummer *Telefonnummer *Warum m\u00f6chtest du Mitglied werden? *DSGVO-Einverst\u00e4ndnis * Ich willige ein, dass diese Website meine \u00fcbermittelten Informationen speichert, sodass meine Anfrage beantwortet werden kann. Absenden","og_url":"https:\/\/www.sendelfenga-sumpfhexa.de\/cms\/mitglied-werden\/","og_site_name":"1. Freien Narrenzunft Sindelfingen \u2013 Sendelfenga Sumpfhexa","article_modified_time":"2026-01-19T17:37:08+00:00","og_image":[{"width":1600,"height":1066,"url":"https:\/\/www.sendelfenga-sumpfhexa.de\/cms\/wp-content\/uploads\/2026\/01\/Gruppenbild-mit-Maske-1.jpg","type":"image\/jpeg"}],"twitter_card":"summary_large_image","twitter_misc":{"Gesch\u00e4tzte Lesezeit":"1\u00a0Minute"},"schema":{"@context":"https:\/\/schema.org","@graph":[{"@type":"WebPage","@id":"https:\/\/www.sendelfenga-sumpfhexa.de\/cms\/mitglied-werden\/","url":"https:\/\/www.sendelfenga-sumpfhexa.de\/cms\/mitglied-werden\/","name":"Mitglied werden - 1. Freien Narrenzunft Sindelfingen \u2013 Sendelfenga Sumpfhexa","isPartOf":{"@id":"https:\/\/www.sendelfenga-sumpfhexa.de\/cms\/#website"},"primaryImageOfPage":{"@id":"https:\/\/www.sendelfenga-sumpfhexa.de\/cms\/mitglied-werden\/#primaryimage"},"image":{"@id":"https:\/\/www.sendelfenga-sumpfhexa.de\/cms\/mitglied-werden\/#primaryimage"},"thumbnailUrl":"https:\/\/www.sendelfenga-sumpfhexa.de\/cms\/wp-content\/uploads\/2026\/01\/Gruppenbild-mit-Maske-1.jpg","datePublished":"2023-01-18T21:00:47+00:00","dateModified":"2026-01-19T17:37:08+00:00","breadcrumb":{"@id":"https:\/\/www.sendelfenga-sumpfhexa.de\/cms\/mitglied-werden\/#breadcrumb"},"inLanguage":"de","potentialAction":[{"@type":"ReadAction","target":["https:\/\/www.sendelfenga-sumpfhexa.de\/cms\/mitglied-werden\/"]}]},{"@type":"ImageObject","inLanguage":"de","@id":"https:\/\/www.sendelfenga-sumpfhexa.de\/cms\/mitglied-werden\/#primaryimage","url":"https:\/\/www.sendelfenga-sumpfhexa.de\/cms\/wp-content\/uploads\/2026\/01\/Gruppenbild-mit-Maske-1.jpg","contentUrl":"https:\/\/www.sendelfenga-sumpfhexa.de\/cms\/wp-content\/uploads\/2026\/01\/Gruppenbild-mit-Maske-1.jpg","width":1600,"height":1066},{"@type":"BreadcrumbList","@id":"https:\/\/www.sendelfenga-sumpfhexa.de\/cms\/mitglied-werden\/#breadcrumb","itemListElement":[{"@type":"ListItem","position":1,"name":"Startseite","item":"https:\/\/www.sendelfenga-sumpfhexa.de\/cms\/"},{"@type":"ListItem","position":2,"name":"Mitglied werden"}]},{"@type":"WebSite","@id":"https:\/\/www.sendelfenga-sumpfhexa.de\/cms\/#website","url":"https:\/\/www.sendelfenga-sumpfhexa.de\/cms\/","name":"1. Freien Narrenzunft Sindelfingen \u2013 Sendelfenga Sumpfhexa","description":"","potentialAction":[{"@type":"SearchAction","target":{"@type":"EntryPoint","urlTemplate":"https:\/\/www.sendelfenga-sumpfhexa.de\/cms\/?s={search_term_string}"},"query-input":{"@type":"PropertyValueSpecification","valueRequired":true,"valueName":"search_term_string"}}],"inLanguage":"de"}]}},"_links":{"self":[{"href":"https:\/\/www.sendelfenga-sumpfhexa.de\/cms\/wp-json\/wp\/v2\/pages\/35","targetHints":{"allow":["GET"]}}],"collection":[{"href":"https:\/\/www.sendelfenga-sumpfhexa.de\/cms\/wp-json\/wp\/v2\/pages"}],"about":[{"href":"https:\/\/www.sendelfenga-sumpfhexa.de\/cms\/wp-json\/wp\/v2\/types\/page"}],"author":[{"embeddable":true,"href":"https:\/\/www.sendelfenga-sumpfhexa.de\/cms\/wp-json\/wp\/v2\/users\/1"}],"replies":[{"embeddable":true,"href":"https:\/\/www.sendelfenga-sumpfhexa.de\/cms\/wp-json\/wp\/v2\/comments?post=35"}],"version-history":[{"count":6,"href":"https:\/\/www.sendelfenga-sumpfhexa.de\/cms\/wp-json\/wp\/v2\/pages\/35\/revisions"}],"predecessor-version":[{"id":9737,"href":"https:\/\/www.sendelfenga-sumpfhexa.de\/cms\/wp-json\/wp\/v2\/pages\/35\/revisions\/9737"}],"wp:attachment":[{"href":"https:\/\/www.sendelfenga-sumpfhexa.de\/cms\/wp-json\/wp\/v2\/media?parent=35"}],"curies":[{"name":"wp","href":"https:\/\/api.w.org\/{rel}","templated":true}]}}